{"id":72,"date":"2022-11-27T21:45:52","date_gmt":"2022-11-27T21:45:52","guid":{"rendered":"https:\/\/webseite.svstruppen.de\/?page_id=72"},"modified":"2025-04-19T21:46:09","modified_gmt":"2025-04-19T21:46:09","slug":"schiedsrichter","status":"publish","type":"page","link":"https:\/\/test.svstruppen.de\/index.php\/schiedsrichter\/","title":{"rendered":"Schiedsrichter"},"content":{"rendered":"\n<p class=\"has-text-align-center\" style=\"font-size:28px\"><strong>Unsere Schiedsrichter im Verein:<\/strong><\/p>\n\n\n\n<p class=\"has-text-align-center\"><strong>Schiedsrichterobfrau: <\/strong><\/p>\n\n\n\n<p class=\"has-text-align-center\">Anne Rode<\/p>\n\n\n\n<p class=\"has-text-align-center\"><strong>Schiedsrichter:<\/strong><\/p>\n\n\n\n<p class=\"has-text-align-center\">Emma Pinkert<\/p>\n\n\n\n<p class=\"has-text-align-center\">Magnus Giza<\/p>\n\n\n\n<p class=\"has-text-align-center\">Niklas Hammer<\/p>\n\n\n\n<p class=\"has-text-align-center\">Lotta Socha<\/p>\n\n\n\n<p class=\"has-text-align-center\">Phil Weser<\/p>\n\n\n\n<p class=\"has-text-align-center\">Emil Socha<\/p>\n\n\n\n<p class=\"has-text-align-center\">Timon Rode<\/p>\n\n\n<div class=\"wp-block-image is-style-default\">\n<figure class=\"aligncenter size-full is-resized\"><img fetchpriority=\"high\" decoding=\"async\" width=\"525\" height=\"757\" src=\"https:\/\/test.svstruppen.de\/wp-content\/uploads\/2022\/11\/Schiedsrichter.png\" alt=\"\" class=\"wp-image-151\" style=\"width:558px;height:805px\" srcset=\"https:\/\/test.svstruppen.de\/wp-content\/uploads\/2022\/11\/Schiedsrichter.png 525w, https:\/\/test.svstruppen.de\/wp-content\/uploads\/2022\/11\/Schiedsrichter-208x300.png 208w\" sizes=\"(max-width: 525px) 100vw, 525px\" \/><\/figure>\n<\/div>\n\n\n<p><\/p>\n\n\n\n<p><\/p>\n\n\n\n<h1 class=\"wp-block-heading has-text-align-center\">WIE WERDE ICH SCHIEDSRICHTER?<\/h1>\n\n\n\n<p>Du interessierst dich f\u00fcr die Ausbildung zum Schiedsrichter? Doch wie alt muss ich mindestens sein, wo kann ich mich anmelden und wie umfangreich ist die Ausbildung? Mit den nachfolgenden Stichpunkten werden Voraussetzungen, Ausbildung und weitere wichtige Fragen beantwortet.<\/p>\n\n\n\n<h3 class=\"wp-block-heading\">Mindestalter<\/h3>\n\n\n\n<p>Der Deutschen Fu\u00dfball-Bundes (DFB) empfiehlt ein Mindestalter von 12 Jahren. <\/p>\n\n\n\n<h3 class=\"wp-block-heading\">Weitere Voraussetzungen<\/h3>\n\n\n\n<p>&#8211; Wer Schiedsrichter werden m\u00f6chte muss Mitglied in einem Fu\u00dfballverein sein (u. a damit Versicherungsschutz besteht)<br>&#8211; Interesse am Fu\u00dfball haben und die Einsatzbereitschaft mitbringen, j\u00e4hrlich mindestens 20 Spielleitungen zu \u00fcbernehmen<br>&#8211; An verschiedenen Weiterbildungsveranstaltung teilnehmen <\/p>\n\n\n\n<h3 class=\"wp-block-heading\">Ausbildung<\/h3>\n\n\n\n<p>Je nach Kreisverband 12 bis 15 Unterrichtsstunden an Wochenenden oder mehreren Wochentagen, wo die neuen Schiedsrichter mit den Fu\u00dfballregeln vertraut gemacht wird. <\/p>\n\n\n\n<h3 class=\"wp-block-heading\">Pr\u00fcfung<\/h3>\n\n\n\n<p>&#8211; Schriftliche Pr\u00fcfung (Beantwortung von Regelfragen)  <br>&#8211; k\u00f6rperliche Pr\u00fcfung (zum Beispiel 1300-Meter-Lauf in sechs Minuten).<\/p>\n\n\n\n<h3 class=\"wp-block-heading\">Eins\u00e4tze<\/h3>\n\n\n\n<p>Nach Pr\u00fcfung, je nach Alter im Junioren- und auch schon im Senioren-Bereich, beginnend in den Basisklassen. Hierbei erfolgt in der Anfangsphase m\u00f6glichst Betreuung durch erfahrene Kollegen (&#8222;Paten&#8220;).<\/p>\n\n\n\n<h3 class=\"wp-block-heading\">Aufstieg<\/h3>\n\n\n\n<p>Bei Eignung k\u00f6nnen gegebenenfalls auf Kreis- und Bezirksebene zwei Klassen in einem Jahr \u00fcbersprungen werden. Ab den Spielklassen der Landesverb\u00e4nde ben\u00f6tigt jeder Kandidat pro Spielklasse grunds\u00e4tzlich ein Jahr. Bis in die Bundesliga sollen mindestens sechs bis acht Jahre veranschlagt werden. Die Eignung f\u00fcr die h\u00f6here Spielklasse wird durch Schiedsrichter-Beobachter festgestellt.<\/p>\n\n\n\n<h3 class=\"wp-block-heading\">Finanzen <\/h3>\n\n\n\n<p>Die Schiedsrichter Ausstatung wird vom Verein gestellt. Die Fahrtkosten zu den Spielleitungen werden ersetzt, daneben gibt es abh\u00e4ngig von der Spielklasse Aufwandsentsch\u00e4digungen zwischen f\u00fcnf \u20ac (Sch\u00fclerspiele), 300 \u20ac (Regionalliga), 1000 \u20ac (3. Liga), 2500 \u20ac (2. Bundesliga) und 5000 \u20ac (Bundesliga)<\/p>\n\n\n\n<p><\/p>\n\n\n\n<p class=\"has-regular-font-size\"><strong>Pers\u00f6nliche Vorteile als Schiedsrichter<\/strong><\/p>\n\n\n\n<ul class=\"wp-block-list\">\n<li>Die Schiedsrichter-Ausstattung (Trikot, Hose, Stutzen) wird vom Verein gestellt<\/li>\n\n\n\n<li>Die Fahrtkosten zu den Spielleitungen werden ersetzt<\/li>\n\n\n\n<li>Daneben gibt es abh\u00e4ngig von der Spielklasse eine Aufwandsentsch\u00e4digung.<\/li>\n\n\n\n<li>Der Schiedsrichter-Ausweis berechtigt zum freien Eintritt f\u00fcr alle Spiele des Deutschen-Fu\u00dfball-Bundes, dies gilt mit Einschr\u00e4nkungen (siehe die&nbsp;<a href=\"https:\/\/www.dfb.de\/fileadmin\/_dfbdam\/16443-07_Durchfuehrungsbestimmungen_14.pdf\">Durchf\u00fchrungsbestimmungen, \u00a7 25, Nr. 5<\/a>) auch f\u00fcr die Bundesliga sowie die zweite Bundesliga.<\/li>\n<\/ul>\n\n\n\n<p>Die T\u00e4tigkeit als Schiedsrichter birgt dar\u00fcber hinaus viele weitere Vorteile f\u00fcr den Sportler: gesunde sportliche Bet\u00e4tigung an frischer Luft, Zugeh\u00f6rigkeit zu einer sportlichen Gemeinschaft mit Geselligkeit, Pers\u00f6nlichkeitsbildung, Entschlusskraft, Menschenkenntnis, viele sch\u00f6ne Reisen und viele interessante Charaktere, die man Woche f\u00fcr Woche neu kennenlernt &#8211; alle diese erstrebenswerten Dinge bietet das Amt des Schiedsrichters.<\/p>\n\n\n\n<p><\/p>\n\n\n\n<p class=\"has-text-align-center\" style=\"font-size:30px\">Interessiert? <br>Ansprechpartner:<br><\/p>\n\n\n\n<p class=\"has-text-align-center\" style=\"font-size:30px\">Schiedsrichterobfrau<br>Anne Rode:<br>Tel.: 01743144193<\/p>\n\n\n\n<p><\/p>\n\n\n\n<p><br><\/p>\n","protected":false},"excerpt":{"rendered":"<p>Unsere Schiedsrichter im Verein: Schiedsrichterobfrau: Anne Rode Schiedsrichter: Emma Pinkert Magnus Giza Niklas Hammer Lotta Socha Phil Weser Emil Socha Timon Rode WIE WERDE ICH SCHIEDSRICHTER? Du interessierst dich f\u00fcr die Ausbildung zum Schiedsrichter? Doch wie alt muss ich mindestens sein, wo kann ich mich anmelden und wie umfangreich ist die Ausbildung? Mit den nachfolgenden [&hellip;]<\/p>\n","protected":false},"author":1,"featured_media":0,"parent":0,"menu_order":0,"comment_status":"closed","ping_status":"closed","template":"","meta":{"footnotes":""},"class_list":["post-72","page","type-page","status-publish","hentry"],"_links":{"self":[{"href":"https:\/\/test.svstruppen.de\/index.php\/wp-json\/wp\/v2\/pages\/72","targetHints":{"allow":["GET"]}}],"collection":[{"href":"https:\/\/test.svstruppen.de\/index.php\/wp-json\/wp\/v2\/pages"}],"about":[{"href":"https:\/\/test.svstruppen.de\/index.php\/wp-json\/wp\/v2\/types\/page"}],"author":[{"embeddable":true,"href":"https:\/\/test.svstruppen.de\/index.php\/wp-json\/wp\/v2\/users\/1"}],"replies":[{"embeddable":true,"href":"https:\/\/test.svstruppen.de\/index.php\/wp-json\/wp\/v2\/comments?post=72"}],"version-history":[{"count":17,"href":"https:\/\/test.svstruppen.de\/index.php\/wp-json\/wp\/v2\/pages\/72\/revisions"}],"predecessor-version":[{"id":1135,"href":"https:\/\/test.svstruppen.de\/index.php\/wp-json\/wp\/v2\/pages\/72\/revisions\/1135"}],"wp:attachment":[{"href":"https:\/\/test.svstruppen.de\/index.php\/wp-json\/wp\/v2\/media?parent=72"}],"curies":[{"name":"wp","href":"https:\/\/api.w.org\/{rel}","templated":true}]}}